{"id":2,"date":"2020-01-14T00:16:14","date_gmt":"2020-01-13T23:16:14","guid":{"rendered":"http:\/\/joseph-antonios.fr\/?page_id=2"},"modified":"2020-01-29T22:37:33","modified_gmt":"2020-01-29T21:37:33","slug":"page-d-exemple","status":"publish","type":"page","link":"https:\/\/joseph-antonios.fr\/","title":{"rendered":"Qui suis-je ?"},"content":{"rendered":"\n<p>Apr\u00e8s une longue exp\u00e9rience dans l\u2019enseignement de langue arabe, le journalisme et l\u2019\u00e9dition, je mets ma parfaite connaissance des langues arabe et fran\u00e7aise pour exercer mon m\u00e9tier d\u2019<strong>enseignant, traducteur et interpr\u00e8te<\/strong>. Mes origines libanaises, mon exp\u00e9rience professionnelle et ma formation \u00e0 l\u2019Universit\u00e9 Libanaise ainsi qu\u2019\u00e0 l\u2019Universit\u00e9 Catholique de l\u2019Ouest m\u2019ont permis de devenir sp\u00e9cialiste des questions culturelles, cultuelles et g\u00e9opolitiques du Moyen-Orient. Je suis discret, professionnel et avenant, je ma\u00eetrise les techniques de formation et la prise de parole en public.<\/p>\n","protected":false},"excerpt":{"rendered":"<p>Apr\u00e8s une longue exp\u00e9rience dans l\u2019enseignement de langue arabe, le journalisme et l\u2019\u00e9dition, je mets ma parfaite connaissance des langues arabe et fran\u00e7aise pour exercer mon m\u00e9tier d\u2019enseignant, traducteur et interpr\u00e8te. Mes origines libanaises, mon exp\u00e9rience professionnelle et ma formation \u00e0 l\u2019Universit\u00e9 Libanaise ainsi qu\u2019\u00e0 l\u2019Universit\u00e9 Catholique de l\u2019Ouest m\u2019ont permis de devenir sp\u00e9cialiste des [&hellip;]<\/p>\n","protected":false},"author":1,"featured_media":0,"parent":0,"menu_order":0,"comment_status":"closed","ping_status":"open","template":"","meta":{"footnotes":""},"class_list":["post-2","page","type-page","status-publish","hentry"],"_links":{"self":[{"href":"https:\/\/joseph-antonios.fr\/index.php?rest_route=\/wp\/v2\/pages\/2","targetHints":{"allow":["GET"]}}],"collection":[{"href":"https:\/\/joseph-antonios.fr\/index.php?rest_route=\/wp\/v2\/pages"}],"about":[{"href":"https:\/\/joseph-antonios.fr\/index.php?rest_route=\/wp\/v2\/types\/page"}],"author":[{"embeddable":true,"href":"https:\/\/joseph-antonios.fr\/index.php?rest_route=\/wp\/v2\/users\/1"}],"replies":[{"embeddable":true,"href":"https:\/\/joseph-antonios.fr\/index.php?rest_route=%2Fwp%2Fv2%2Fcomments&post=2"}],"version-history":[{"count":1,"href":"https:\/\/joseph-antonios.fr\/index.php?rest_route=\/wp\/v2\/pages\/2\/revisions"}],"predecessor-version":[{"id":10,"href":"https:\/\/joseph-antonios.fr\/index.php?rest_route=\/wp\/v2\/pages\/2\/revisions\/10"}],"wp:attachment":[{"href":"https:\/\/joseph-antonios.fr\/index.php?rest_route=%2Fwp%2Fv2%2Fmedia&parent=2"}],"curies":[{"name":"wp","href":"https:\/\/api.w.org\/{rel}","templated":true}]}}